{"id":73,"date":"2018-03-15T11:23:25","date_gmt":"2018-03-15T11:23:25","guid":{"rendered":"http:\/\/www.robod.pl\/ce\/?page_id=73"},"modified":"2024-02-27T08:36:45","modified_gmt":"2024-02-27T08:36:45","slug":"kontakt","status":"publish","type":"page","link":"https:\/\/www.robod.pl\/ce\/kontakt\/","title":{"rendered":"Kontakt"},"content":{"rendered":"<p><\/p>\n<h3>Nowe rozporz\u0105dzenie w sprawie \u015brodk\u00f3w ochrony indywidualnej.<\/h3>\n<p>Od 20 kwietnia 2016r. wesz\u0142o w \u017cycie rozporz\u0105dzenie w sprawie \u015brodk\u00f3w ochrony indywidualnej o nr (UE) 2016\/425, kt\u00f3re zast\u0105pi\u0142o 21 kwietnia 2018r. obowi\u0105zuj\u0105c\u0105 od 1989r. dyrektyw\u0119 89\/686\/EWG.<\/p>\n<p>Celem wprowadzenia nowych przepis\u00f3w jest uporz\u0105dkowanie i zharmonizowanie wymaga\u0144 dla wprowadzanych do obrotu \u015brodk\u00f3w ochrony indywidualnej, a w konsekwencji zapewnienie lepszej ochrony ich u\u017cytkownikom. Robod jako profesjonalny producent i dostawca dba o terminowe i poprawne wdro\u017cenie nowych wytycznych.<\/p>\n<p><a href=\"http:\/\/eur-lex.europa.eu\/legal-content\/PL\/TXT\/HTML\/?uri=CELEX:32016R0425&amp;rid=1\" target=\"_blank\" rel=\"noopener\">Zapoznaj si\u0119 z oryginalny, tekstem rozporz\u0105dzenia (UE) 2016\/425<\/a><\/p>\n<h3>Kontakt:<\/h3>\n<p>Tel.: +48 58 321 98 41<br \/>\nTel: +48 58 321 98 40<br \/>\n<a href=\"mailto:info@robod.pl\">info@robod.pl<\/a><\/p>\n<p>ROBOD Sp\u00f3\u0142ka Akcyjna<br \/>\nul. Ordynacka 12<br \/>\n83-050 B\u0105kowo<\/p>","protected":false},"excerpt":{"rendered":"<p>Nowe rozporz\u0105dzenie w sprawie \u015brodk\u00f3w ochrony indywidualnej. Od 20 kwietnia 2016r. wesz\u0142o w \u017cycie rozporz\u0105dzenie w sprawie \u015brodk\u00f3w ochrony indywidualnej o nr (UE) 2016\/425, kt\u00f3re zast\u0105pi\u0142o 21 kwietnia 2018r. obowi\u0105zuj\u0105c\u0105 od 1989r. dyrektyw\u0119 89\/686\/EWG. Celem wprowadzenia nowych przepis\u00f3w jest uporz\u0105dkowanie i zharmonizowanie wymaga\u0144 dla wprowadzanych do obrotu \u015brodk\u00f3w ochrony indywidualnej, a w konsekwencji zapewnienie lepszej [&hellip;]<\/p>\n","protected":false},"author":1,"featured_media":0,"parent":0,"menu_order":0,"comment_status":"closed","ping_status":"closed","template":"","meta":[],"acf":[],"_links":{"self":[{"href":"https:\/\/www.robod.pl\/ce\/wp-json\/wp\/v2\/pages\/73"}],"collection":[{"href":"https:\/\/www.robod.pl\/ce\/wp-json\/wp\/v2\/pages"}],"about":[{"href":"https:\/\/www.robod.pl\/ce\/wp-json\/wp\/v2\/types\/page"}],"author":[{"embeddable":true,"href":"https:\/\/www.robod.pl\/ce\/wp-json\/wp\/v2\/users\/1"}],"replies":[{"embeddable":true,"href":"https:\/\/www.robod.pl\/ce\/wp-json\/wp\/v2\/comments?post=73"}],"version-history":[{"count":8,"href":"https:\/\/www.robod.pl\/ce\/wp-json\/wp\/v2\/pages\/73\/revisions"}],"predecessor-version":[{"id":3845,"href":"https:\/\/www.robod.pl\/ce\/wp-json\/wp\/v2\/pages\/73\/revisions\/3845"}],"wp:attachment":[{"href":"https:\/\/www.robod.pl\/ce\/wp-json\/wp\/v2\/media?parent=73"}],"curies":[{"name":"wp","href":"https:\/\/api.w.org\/{rel}","templated":true}]}}